{"id":5201,"date":"2026-03-03T11:40:28","date_gmt":"2026-03-03T10:40:28","guid":{"rendered":"https:\/\/poitouretroelec.fr\/?post_type=product&#038;p=5201"},"modified":"2026-03-03T12:13:05","modified_gmt":"2026-03-03T11:13:05","slug":"boitier-eloise-special-championnat-2cv-cross","status":"publish","type":"product","link":"https:\/\/poitouretroelec.fr\/index.php\/produit\/boitier-eloise-special-championnat-2cv-cross\/","title":{"rendered":"Boitier Eloise sp\u00e9cial \u00ab\u00a0Championnat 2CV Cross\u00a0\u00bb"},"content":{"rendered":"<p>Boitier r\u00e9alis\u00e9 pour le championnat 2CV Cross, destin\u00e9 uniquement pour les pilotes qui en ont fait la demande aux organisateurs du championnat 2CV cross.<\/p>\n<p><strong>ATTENTION<\/strong>: si vous commander ce bo\u00eetier et que vous n&rsquo;\u00eates pas sur la liste donn\u00e9e par les organisateurs (ou que vous commander une quantit\u00e9 sup\u00e9rieure), il y aura un d\u00e9lai de deux semaines pour recevoir votre commande et le code promo ne sera pas pris en compte, il devra \u00eatre rembours\u00e9 pour recevoir la commande ou a d\u00e9faut vous pourrez choisir de recevoir un bo\u00eetier classique non homologu\u00e9 pour le championnat.<\/p>\n<p>&nbsp;<\/p>\n<p>Chaque bo\u00eetier a \u00e9t\u00e9 r\u00e9sin\u00e9, et marqu\u00e9 \u00ab\u00a0GP 2CV\u00a0\u00bb pour \u00eatre reconnaissable par les organisateurs.<\/p>\n","protected":false},"excerpt":{"rendered":"<p>Boitier r\u00e9alis\u00e9 pour le championnat 2CV Cross, destin\u00e9 uniquement pour les pilotes qui en ont fait la demande aux organisateurs du championnat 2CV cross. ATTENTION: si vous commander ce bo\u00eetier et que vous n&rsquo;\u00eates pas sur la liste donn\u00e9e par les organisateurs (ou que vous commander une quantit\u00e9 sup\u00e9rieure), il y aura un d\u00e9lai de [&hellip;]<\/p>\n","protected":false},"featured_media":5200,"template":"","meta":[],"product_brand":[],"product_cat":[15],"product_tag":[],"class_list":{"0":"post-5201","1":"product","2":"type-product","3":"status-publish","4":"has-post-thumbnail","6":"product_cat-non-classe","8":"first","9":"instock","10":"taxable","11":"shipping-taxable","12":"purchasable","13":"product-type-simple","14":"czr-hentry"},"jetpack_sharing_enabled":true,"_links":{"self":[{"href":"https:\/\/poitouretroelec.fr\/index.php\/wp-json\/wp\/v2\/product\/5201","targetHints":{"allow":["GET"]}}],"collection":[{"href":"https:\/\/poitouretroelec.fr\/index.php\/wp-json\/wp\/v2\/product"}],"about":[{"href":"https:\/\/poitouretroelec.fr\/index.php\/wp-json\/wp\/v2\/types\/product"}],"wp:featuredmedia":[{"embeddable":true,"href":"https:\/\/poitouretroelec.fr\/index.php\/wp-json\/wp\/v2\/media\/5200"}],"wp:attachment":[{"href":"https:\/\/poitouretroelec.fr\/index.php\/wp-json\/wp\/v2\/media?parent=5201"}],"wp:term":[{"taxonomy":"product_brand","embeddable":true,"href":"https:\/\/poitouretroelec.fr\/index.php\/wp-json\/wp\/v2\/product_brand?post=5201"},{"taxonomy":"product_cat","embeddable":true,"href":"https:\/\/poitouretroelec.fr\/index.php\/wp-json\/wp\/v2\/product_cat?post=5201"},{"taxonomy":"product_tag","embeddable":true,"href":"https:\/\/poitouretroelec.fr\/index.php\/wp-json\/wp\/v2\/product_tag?post=5201"}],"curies":[{"name":"wp","href":"https:\/\/api.w.org\/{rel}","templated":true}]}}