{"id":256,"date":"2019-05-23T14:38:32","date_gmt":"2019-05-23T12:38:32","guid":{"rendered":"https:\/\/poitouretroelec.fr\/?post_type=product&#038;p=256"},"modified":"2026-01-21T16:54:55","modified_gmt":"2026-01-21T15:54:55","slug":"allumage-eloise-uk","status":"publish","type":"product","link":"https:\/\/poitouretroelec.fr\/index.php\/produit\/allumage-eloise-uk\/","title":{"rendered":"Allumage Eloise &#8211; UK"},"content":{"rendered":"<p>Allumage d\u00e9di\u00e9 aux v\u00e9hicules ayant le + au ch\u00e2ssis. Principalement les v\u00e9hicules anglais des ann\u00e9es 50.<\/p>\n","protected":false},"excerpt":{"rendered":"<p>Allumage Eloise<\/p>\n<p>Version UK<\/p>\n<p>&nbsp;<\/p>\n","protected":false},"featured_media":3290,"template":"","meta":[],"product_brand":[],"product_cat":[15],"product_tag":[],"class_list":{"0":"post-256","1":"product","2":"type-product","3":"status-publish","4":"has-post-thumbnail","6":"product_cat-non-classe","8":"first","9":"instock","10":"taxable","11":"shipping-taxable","12":"purchasable","13":"product-type-simple","14":"czr-hentry"},"jetpack_sharing_enabled":true,"_links":{"self":[{"href":"https:\/\/poitouretroelec.fr\/index.php\/wp-json\/wp\/v2\/product\/256","targetHints":{"allow":["GET"]}}],"collection":[{"href":"https:\/\/poitouretroelec.fr\/index.php\/wp-json\/wp\/v2\/product"}],"about":[{"href":"https:\/\/poitouretroelec.fr\/index.php\/wp-json\/wp\/v2\/types\/product"}],"wp:featuredmedia":[{"embeddable":true,"href":"https:\/\/poitouretroelec.fr\/index.php\/wp-json\/wp\/v2\/media\/3290"}],"wp:attachment":[{"href":"https:\/\/poitouretroelec.fr\/index.php\/wp-json\/wp\/v2\/media?parent=256"}],"wp:term":[{"taxonomy":"product_brand","embeddable":true,"href":"https:\/\/poitouretroelec.fr\/index.php\/wp-json\/wp\/v2\/product_brand?post=256"},{"taxonomy":"product_cat","embeddable":true,"href":"https:\/\/poitouretroelec.fr\/index.php\/wp-json\/wp\/v2\/product_cat?post=256"},{"taxonomy":"product_tag","embeddable":true,"href":"https:\/\/poitouretroelec.fr\/index.php\/wp-json\/wp\/v2\/product_tag?post=256"}],"curies":[{"name":"wp","href":"https:\/\/api.w.org\/{rel}","templated":true}]}}