{"id":68,"date":"2019-01-28T14:03:36","date_gmt":"2019-01-28T13:03:36","guid":{"rendered":"http:\/\/poitouretroelec.fr\/?page_id=68"},"modified":"2026-04-28T20:44:07","modified_gmt":"2026-04-28T18:44:07","slug":"accueil","status":"publish","type":"page","link":"https:\/\/poitouretroelec.fr\/","title":{"rendered":"Accueil"},"content":{"rendered":"<p>Bienvenue chez Poitou R\u00e9tro Elec!<\/p>\n<p>Notre produit phare : <a href=\"https:\/\/poitouretroelec.fr\/index.php\/allumage-eloise\/\"><span style=\"color: #339966;\">allumage Eloise, fabriqu\u00e9 par nos soins<\/span><\/a>\u00a0 <strong>Garantie 5 ans!<\/strong> \u00a0<\/p>\n<p>+ de 9000 v\u00e9hicules \u00e9quip\u00e9s!\u00a0\u00a0 <a class=\"maxbutton-1 maxbutton maxbutton-page-produit-allumage\" href=\"https:\/\/poitouretroelec.fr\/index.php\/boutique\/\"><span class='mb-text'>Commander<\/span><\/a><\/p>\n<p>Toutes les commandes sont exp\u00e9di\u00e9es sous 3 jours ouvrables<\/p>\n<p>Livraison 6\u20ac (point Mondial Relay) ou 9\u20ac (A domicile)<\/p>\n<p><span style=\"color: #ff0000;\"><strong><span style=\"color: #339966;\">Livraison Mondial Relay offerte \u00e0 partir de 180\u20ac d&rsquo;achats<\/span> <\/strong><\/span><code><\/code><\/p>\n<p><code><\/code><\/p>\n<p><a href=\"https:\/\/www.youtube.com\/watch?v=lZDhbOrFID0\">https:\/\/www.youtube.com\/watch?v=lZDhbOrFID0<\/a><\/p>\n<pre class=\"wp-block-code\"><code><\/code><\/pre>\n<a class=\"maxbutton-1 maxbutton maxbutton-page-produit-allumage\" href=\"https:\/\/poitouretroelec.fr\/index.php\/boutique\/\"><span class='mb-text'>Commander<\/span><\/a>\n<p><img loading=\"lazy\" decoding=\"async\" class=\"alignnone  wp-image-141\" src=\"http:\/\/poitouretroelec.fr\/wp-content\/uploads\/2019\/02\/fb_icon_325x325.png\" alt=\"\" width=\"55\" height=\"55\" srcset=\"https:\/\/poitouretroelec.fr\/wp-content\/uploads\/2019\/02\/fb_icon_325x325.png 325w, https:\/\/poitouretroelec.fr\/wp-content\/uploads\/2019\/02\/fb_icon_325x325-300x300.png 300w, https:\/\/poitouretroelec.fr\/wp-content\/uploads\/2019\/02\/fb_icon_325x325-100x100.png 100w, https:\/\/poitouretroelec.fr\/wp-content\/uploads\/2019\/02\/fb_icon_325x325-150x150.png 150w\" sizes=\"auto, (max-width: 55px) 100vw, 55px\" \/><\/p>\n<p>Suivez nous sur FaceBook : <a href=\"https:\/\/www.facebook.com\/PoitouRetroElec\/\">PoitouR\u00e9troElec<\/a><\/p>\n\n\n<p><\/p>\n\n\n\n<p><\/p>\n\n\n\n<p>Contact:         06 79 06 61 70       &#8211;         poitouretroelec@gmail.com<\/p>\n","protected":false},"excerpt":{"rendered":"<p>Bienvenue chez Poitou R\u00e9tro Elec! Notre produit phare : allumage Eloise, fabriqu\u00e9 par nos soins\u00a0 Garantie 5 ans! \u00a0 + de 9000 v\u00e9hicules \u00e9quip\u00e9s!\u00a0\u00a0 Toutes les commandes sont exp\u00e9di\u00e9es sous 3 jours ouvrables Livraison 6\u20ac (point Mondial Relay) ou 9\u20ac (A domicile) Livraison Mondial Relay offerte \u00e0 partir de 180\u20ac d&rsquo;achats \u00a0\u00a0\u00a0\u00a0\u00a0\u00a0\u00a0\u00a0\u00a0\u00a0\u00a0\u00a0\u00a0\u00a0\u00a0\u00a0\u00a0\u00a0\u00a0\u00a0\u00a0\u00a0\u00a0\u00a0\u00a0\u00a0\u00a0\u00a0\u00a0\u00a0\u00a0\u00a0\u00a0\u00a0\u00a0\u00a0\u00a0\u00a0\u00a0\u00a0\u00a0\u00a0\u00a0\u00a0\u00a0\u00a0\u00a0\u00a0\u00a0\u00a0\u00a0\u00a0\u00a0\u00a0\u00a0\u00a0\u00a0\u00a0\u00a0\u00a0\u00a0\u00a0\u00a0\u00a0\u00a0\u00a0\u00a0\u00a0\u00a0\u00a0\u00a0\u00a0\u00a0\u00a0\u00a0\u00a0\u00a0\u00a0\u00a0\u00a0\u00a0\u00a0\u00a0\u00a0\u00a0\u00a0\u00a0\u00a0\u00a0\u00a0\u00a0 Suivez nous sur [&hellip;]<\/p>\n","protected":false},"author":1,"featured_media":0,"parent":0,"menu_order":0,"comment_status":"closed","ping_status":"closed","template":"","meta":{"footnotes":""},"class_list":["post-68","page","type-page","status-publish","czr-hentry"],"jetpack_sharing_enabled":true,"_links":{"self":[{"href":"https:\/\/poitouretroelec.fr\/index.php\/wp-json\/wp\/v2\/pages\/68","targetHints":{"allow":["GET"]}}],"collection":[{"href":"https:\/\/poitouretroelec.fr\/index.php\/wp-json\/wp\/v2\/pages"}],"about":[{"href":"https:\/\/poitouretroelec.fr\/index.php\/wp-json\/wp\/v2\/types\/page"}],"author":[{"embeddable":true,"href":"https:\/\/poitouretroelec.fr\/index.php\/wp-json\/wp\/v2\/users\/1"}],"replies":[{"embeddable":true,"href":"https:\/\/poitouretroelec.fr\/index.php\/wp-json\/wp\/v2\/comments?post=68"}],"version-history":[{"count":124,"href":"https:\/\/poitouretroelec.fr\/index.php\/wp-json\/wp\/v2\/pages\/68\/revisions"}],"predecessor-version":[{"id":5483,"href":"https:\/\/poitouretroelec.fr\/index.php\/wp-json\/wp\/v2\/pages\/68\/revisions\/5483"}],"wp:attachment":[{"href":"https:\/\/poitouretroelec.fr\/index.php\/wp-json\/wp\/v2\/media?parent=68"}],"curies":[{"name":"wp","href":"https:\/\/api.w.org\/{rel}","templated":true}]}}