{"id":3294,"date":"2024-12-10T10:46:41","date_gmt":"2024-12-10T09:46:41","guid":{"rendered":"https:\/\/poitouretroelec.fr\/?page_id=3294"},"modified":"2025-10-19T22:53:12","modified_gmt":"2025-10-19T20:53:12","slug":"allumage-eloise","status":"publish","type":"page","link":"https:\/\/poitouretroelec.fr\/index.php\/allumage-eloise\/","title":{"rendered":"Allumage Eloise"},"content":{"rendered":"\n<div class=\"wp-block-columns is-layout-flex wp-container-core-columns-is-layout-9d6595d7 wp-block-columns-is-layout-flex\">\n<div class=\"wp-block-column is-layout-flow wp-block-column-is-layout-flow\" style=\"flex-basis:100%\">\n<p><img loading=\"lazy\" decoding=\"async\" class=\"alignnone  wp-image-3279\" src=\"https:\/\/poitouretroelec.fr\/wp-content\/uploads\/2024\/12\/2409_pictos_x5-01.png\" alt=\"\" width=\"100\" height=\"100\" srcset=\"https:\/\/poitouretroelec.fr\/wp-content\/uploads\/2024\/12\/2409_pictos_x5-01.png 333w, https:\/\/poitouretroelec.fr\/wp-content\/uploads\/2024\/12\/2409_pictos_x5-01-300x300.png 300w, https:\/\/poitouretroelec.fr\/wp-content\/uploads\/2024\/12\/2409_pictos_x5-01-150x150.png 150w, https:\/\/poitouretroelec.fr\/wp-content\/uploads\/2024\/12\/2409_pictos_x5-01-100x100.png 100w\" sizes=\"auto, (max-width: 100px) 100vw, 100px\" \/><img loading=\"lazy\" decoding=\"async\" class=\"alignnone  wp-image-3280\" src=\"https:\/\/poitouretroelec.fr\/wp-content\/uploads\/2024\/12\/2409_pictos_x5-02.png\" alt=\"\" width=\"101\" height=\"101\" srcset=\"https:\/\/poitouretroelec.fr\/wp-content\/uploads\/2024\/12\/2409_pictos_x5-02.png 333w, https:\/\/poitouretroelec.fr\/wp-content\/uploads\/2024\/12\/2409_pictos_x5-02-300x300.png 300w, https:\/\/poitouretroelec.fr\/wp-content\/uploads\/2024\/12\/2409_pictos_x5-02-150x150.png 150w, https:\/\/poitouretroelec.fr\/wp-content\/uploads\/2024\/12\/2409_pictos_x5-02-100x100.png 100w\" sizes=\"auto, (max-width: 101px) 100vw, 101px\" \/><img loading=\"lazy\" decoding=\"async\" class=\"alignnone  wp-image-3282\" src=\"https:\/\/poitouretroelec.fr\/wp-content\/uploads\/2024\/12\/2409_pictos_x5-04.png\" alt=\"\" width=\"100\" height=\"100\" srcset=\"https:\/\/poitouretroelec.fr\/wp-content\/uploads\/2024\/12\/2409_pictos_x5-04.png 333w, https:\/\/poitouretroelec.fr\/wp-content\/uploads\/2024\/12\/2409_pictos_x5-04-300x300.png 300w, https:\/\/poitouretroelec.fr\/wp-content\/uploads\/2024\/12\/2409_pictos_x5-04-150x150.png 150w, https:\/\/poitouretroelec.fr\/wp-content\/uploads\/2024\/12\/2409_pictos_x5-04-100x100.png 100w\" sizes=\"auto, (max-width: 100px) 100vw, 100px\" \/><img loading=\"lazy\" decoding=\"async\" class=\"alignnone wp-image-4680 \" src=\"https:\/\/poitouretroelec.fr\/wp-content\/uploads\/2025\/10\/2509_pictos_x5-03-03-03.png\" alt=\"\" width=\"103\" height=\"103\" srcset=\"https:\/\/poitouretroelec.fr\/wp-content\/uploads\/2025\/10\/2509_pictos_x5-03-03-03.png 333w, https:\/\/poitouretroelec.fr\/wp-content\/uploads\/2025\/10\/2509_pictos_x5-03-03-03-300x300.png 300w, https:\/\/poitouretroelec.fr\/wp-content\/uploads\/2025\/10\/2509_pictos_x5-03-03-03-150x150.png 150w, https:\/\/poitouretroelec.fr\/wp-content\/uploads\/2025\/10\/2509_pictos_x5-03-03-03-100x100.png 100w\" sizes=\"auto, (max-width: 103px) 100vw, 103px\" \/><img loading=\"lazy\" decoding=\"async\" class=\"alignnone  wp-image-3283\" src=\"https:\/\/poitouretroelec.fr\/wp-content\/uploads\/2024\/12\/2409_pictos_x5-05.png\" alt=\"\" width=\"101\" height=\"101\" srcset=\"https:\/\/poitouretroelec.fr\/wp-content\/uploads\/2024\/12\/2409_pictos_x5-05.png 333w, https:\/\/poitouretroelec.fr\/wp-content\/uploads\/2024\/12\/2409_pictos_x5-05-300x300.png 300w, https:\/\/poitouretroelec.fr\/wp-content\/uploads\/2024\/12\/2409_pictos_x5-05-150x150.png 150w, https:\/\/poitouretroelec.fr\/wp-content\/uploads\/2024\/12\/2409_pictos_x5-05-100x100.png 100w\" sizes=\"auto, (max-width: 101px) 100vw, 101px\" \/><\/p>\n<div class=\"is-root-container is-desktop-preview is-layout-flow wp-block-post-content block-editor-block-list__layout\">\n<p id=\"block-946c580f-86f4-4c20-8987-6b6a78031c21\" class=\"block-editor-rich-text__editable block-editor-block-list__block wp-block wp-block-paragraph rich-text\" role=\"document\" contenteditable=\"true\" aria-multiline=\"true\" aria-label=\"Bloc\u00a0: paragraphe\" aria-readonly=\"false\" data-block=\"946c580f-86f4-4c20-8987-6b6a78031c21\" data-type=\"core\/paragraph\" data-title=\"Paragraphe\" data-empty=\"false\" data-wp-block-attribute-key=\"content\">Marre des condensateurs actuels qui sont de tr\u00e8s mauvaise qualit\u00e9 ?<\/p>\n<p id=\"block-a22b8b7f-4997-4c88-9b40-6232b7841b1f\" class=\"block-editor-rich-text__editable block-editor-block-list__block wp-block is-selected is-highlighted wp-block-paragraph rich-text\" role=\"document\" contenteditable=\"true\" aria-multiline=\"true\" aria-label=\"Bloc\u00a0: paragraphe\" aria-readonly=\"false\" data-block=\"a22b8b7f-4997-4c88-9b40-6232b7841b1f\" data-type=\"core\/paragraph\" data-title=\"Paragraphe\" data-empty=\"false\" data-wp-block-attribute-key=\"content\">Marre de r\u00e9gler r\u00e9guli\u00e8rement votre allumage ?<\/p>\n<\/div>\n\n\n\n<p><img loading=\"lazy\" decoding=\"async\" class=\"alignnone wp-image-2111 \" src=\"https:\/\/poitouretroelec.fr\/wp-content\/uploads\/2023\/09\/boitierEloise.png\" alt=\"\" width=\"275\" height=\"284\" srcset=\"https:\/\/poitouretroelec.fr\/wp-content\/uploads\/2023\/09\/boitierEloise.png 611w, https:\/\/poitouretroelec.fr\/wp-content\/uploads\/2023\/09\/boitierEloise-290x300.png 290w, https:\/\/poitouretroelec.fr\/wp-content\/uploads\/2023\/09\/boitierEloise-600x620.png 600w\" sizes=\"auto, (max-width: 275px) 100vw, 275px\" \/><\/p>\n<\/div>\n<\/div>\n\n\n\n<a class=\"maxbutton-1 maxbutton maxbutton-page-produit-allumage\" href=\"https:\/\/poitouretroelec.fr\/index.php\/boutique\/\"><span class='mb-text'>Commander<\/span><\/a>\n\n\n\n<p>Livraison 6\u20ac (point Mondial Relay) ou 9\u20ac (A domicile)<\/p>\n\n\n\n<p><strong>Livraison Mondial Relay offerte \u00e0 partir de 180\u20ac d&rsquo;achats !!<\/strong><\/p>\n\n\n\n<p><\/p>\n\n\n\n<figure class=\"wp-block-embed is-type-video is-provider-youtube wp-block-embed-youtube wp-embed-aspect-16-9 wp-has-aspect-ratio\"><div class=\"wp-block-embed__wrapper\">\n<iframe loading=\"lazy\" title=\"JOB STORY - ALLUMAGE POITOU R\u00c9TRO ELEC\" width=\"1140\" height=\"641\" src=\"https:\/\/www.youtube.com\/embed\/O-d9sZbvbqc?feature=oembed\" frameborder=\"0\" allow=\"accelerometer; autoplay; clipboard-write; encrypted-media; gyroscope; picture-in-picture; web-share\" referrerpolicy=\"strict-origin-when-cross-origin\" allowfullscreen><\/iframe>\n<\/div><\/figure>\n\n\n\n<p><strong>COMPATIBLE TOUTES BOBINES M\u00caME COMP\u00c9TITION<\/strong><\/p>\n\n\n\n<p><strong>D\u00c9MONTABLE A L&rsquo;INFINI, PAS DE PATE THERMIQUE POUR INSTALLER<\/strong><\/p>\n\n\n\n<p>Principe :<\/p>\n\n\n\n<p>L&rsquo;allumage transistoris\u00e9, appel\u00e9 aussi allumage transistor\u00e9, consiste \u00e0 mettre en place un bo\u00eetier interm\u00e9diaire sur l&rsquo;allumage classique d&rsquo;un v\u00e9hicule ancien, afin de ne plus user les rupteurs, et supprimer le condensateur.<\/p>\n\n\n\n<p>Le bo\u00eetier se sert des rupteurs seulement comme \u00ab\u00a0relais\u00a0\u00bb et pilote la bobine haute tension.<\/p>\n\n\n\n<p>Les rupteurs n&rsquo;ont plus \u00e0 subir les arcs \u00e9lectriques qui apparaissaient lors de la commande directe de la bobine haute tension.<\/p>\n\n\n\n<p>Le condensateur initialement pr\u00e9vu pour r\u00e9duire ces arcs \u00e9lectriques est maintenant inutile, on peut le d\u00e9connecter pour le plus grand plaisir des possesseurs de v\u00e9hicules anciens, \u00e0 qui il fait souvent d\u00e9faut.<\/p>\n\n\n\n<p>L&rsquo;installation est tr\u00e8s facile et un retour \u00e0 l&rsquo;origine est possible. Ni modifications de l&rsquo;allumeur, ni r\u00e9glages.<\/p>\n\n\n\n<p>Notre produit a d&rsquo;abord \u00e9t\u00e9 test\u00e9 pendant un an et demie, sur plusieurs v\u00e9hicules, 6V, 12V, auto, moto, des ann\u00e9es 30 aux ann\u00e9es 80.<\/p>\n\n\n\n<p>Nous avons cr\u00e9\u00e9 un banc de test sp\u00e9cifique afin de faire des tests d&rsquo;endurance de plusieurs heures, et avec des temp\u00e9ratures allant de &#8211; 15\u00b0C \u00e0 90\u00b0C.<\/p>\n\n\n\n<p>Nous avons choisi des composants de qualit\u00e9, nous fabriquons nous m\u00eames les allumages Eloise, soudures comprises.<\/p>\n\n\n\n<p>Chaque allumage est test\u00e9 un par un sur notre banc sp\u00e9cifique.<\/p>\n\n\n\n<p>INSTALLATION<\/p>\n\n\n\n<p>Voici \u00e0 quoi ressemble un syst\u00e8me d&rsquo;allumage classique :<\/p>\n\n\n\n<figure class=\"wp-block-image size-full is-resized\"><img loading=\"lazy\" decoding=\"async\" width=\"960\" height=\"458\" src=\"https:\/\/poitouretroelec.fr\/wp-content\/uploads\/2019\/01\/notice_simple_montage_classique.png\" alt=\"\" class=\"wp-image-16\" style=\"width:558px;height:auto\" srcset=\"https:\/\/poitouretroelec.fr\/wp-content\/uploads\/2019\/01\/notice_simple_montage_classique.png 960w, https:\/\/poitouretroelec.fr\/wp-content\/uploads\/2019\/01\/notice_simple_montage_classique-600x286.png 600w, https:\/\/poitouretroelec.fr\/wp-content\/uploads\/2019\/01\/notice_simple_montage_classique-300x143.png 300w, https:\/\/poitouretroelec.fr\/wp-content\/uploads\/2019\/01\/notice_simple_montage_classique-768x366.png 768w\" sizes=\"auto, (max-width: 960px) 100vw, 960px\" \/><\/figure>\n\n\n\n<p>Pour installer l&rsquo;allumage Eloise, il vous suffit de d\u00e9connecter ou enlever le condensateur, enlever le fil reliant le &#8211; bobine au rupteur et brancher ainsi :<\/p>\n\n\n\n<ul class=\"wp-block-list\">\n<li>fil rouge sur le + bobine<\/li>\n\n\n\n<li>fil jaune sur le &#8211; bobine<\/li>\n\n\n\n<li>fil vert sur les rupteurs<\/li>\n\n\n\n<li>fil noir sur le carcasse d&rsquo;allumeur (vis de condensateur par exemple)<\/li>\n<\/ul>\n\n\n\n<figure class=\"wp-block-image size-full is-resized\"><img loading=\"lazy\" decoding=\"async\" width=\"960\" height=\"458\" src=\"https:\/\/poitouretroelec.fr\/wp-content\/uploads\/2023\/09\/schema_montage.png\" alt=\"\" class=\"wp-image-2129\" style=\"width:560px;height:auto\" srcset=\"https:\/\/poitouretroelec.fr\/wp-content\/uploads\/2023\/09\/schema_montage.png 960w, https:\/\/poitouretroelec.fr\/wp-content\/uploads\/2023\/09\/schema_montage-300x143.png 300w, https:\/\/poitouretroelec.fr\/wp-content\/uploads\/2023\/09\/schema_montage-768x366.png 768w, https:\/\/poitouretroelec.fr\/wp-content\/uploads\/2023\/09\/schema_montage-600x286.png 600w\" sizes=\"auto, (max-width: 960px) 100vw, 960px\" \/><\/figure>\n\n\n\n<a class=\"maxbutton-1 maxbutton maxbutton-page-produit-allumage\" href=\"https:\/\/poitouretroelec.fr\/index.php\/boutique\/\"><span class='mb-text'>Commander<\/span><\/a>\n\n\n\n<p><\/p>\n","protected":false},"excerpt":{"rendered":"<p>Marre des condensateurs actuels qui sont de tr\u00e8s mauvaise qualit\u00e9 ? Marre de r\u00e9gler r\u00e9guli\u00e8rement votre allumage ? Livraison 6\u20ac (point Mondial Relay) ou 9\u20ac (A domicile) Livraison Mondial Relay offerte \u00e0 partir de 180\u20ac d&rsquo;achats !! COMPATIBLE TOUTES BOBINES M\u00caME COMP\u00c9TITION D\u00c9MONTABLE A L&rsquo;INFINI, PAS DE PATE THERMIQUE POUR INSTALLER Principe : L&rsquo;allumage transistoris\u00e9, [&hellip;]<\/p>\n","protected":false},"author":1,"featured_media":0,"parent":0,"menu_order":0,"comment_status":"closed","ping_status":"closed","template":"","meta":{"footnotes":""},"class_list":["post-3294","page","type-page","status-publish","czr-hentry"],"jetpack_sharing_enabled":true,"_links":{"self":[{"href":"https:\/\/poitouretroelec.fr\/index.php\/wp-json\/wp\/v2\/pages\/3294","targetHints":{"allow":["GET"]}}],"collection":[{"href":"https:\/\/poitouretroelec.fr\/index.php\/wp-json\/wp\/v2\/pages"}],"about":[{"href":"https:\/\/poitouretroelec.fr\/index.php\/wp-json\/wp\/v2\/types\/page"}],"author":[{"embeddable":true,"href":"https:\/\/poitouretroelec.fr\/index.php\/wp-json\/wp\/v2\/users\/1"}],"replies":[{"embeddable":true,"href":"https:\/\/poitouretroelec.fr\/index.php\/wp-json\/wp\/v2\/comments?post=3294"}],"version-history":[{"count":14,"href":"https:\/\/poitouretroelec.fr\/index.php\/wp-json\/wp\/v2\/pages\/3294\/revisions"}],"predecessor-version":[{"id":4681,"href":"https:\/\/poitouretroelec.fr\/index.php\/wp-json\/wp\/v2\/pages\/3294\/revisions\/4681"}],"wp:attachment":[{"href":"https:\/\/poitouretroelec.fr\/index.php\/wp-json\/wp\/v2\/media?parent=3294"}],"curies":[{"name":"wp","href":"https:\/\/api.w.org\/{rel}","templated":true}]}}