{"id":115,"date":"2019-02-20T15:27:38","date_gmt":"2019-02-20T14:27:38","guid":{"rendered":"http:\/\/poitouretroelec.fr\/?page_id=115"},"modified":"2025-09-18T11:15:42","modified_gmt":"2025-09-18T09:15:42","slug":"notices","status":"publish","type":"page","link":"https:\/\/poitouretroelec.fr\/index.php\/notices\/","title":{"rendered":"Notices"},"content":{"rendered":"\n<p>Afin de vous aider, nous vous proposons les notices \u00e0 t\u00e9l\u00e9charger en fonction de votre type de v\u00e9hicule:<\/p>\n\n\n\n<ul class=\"wp-block-list\">\n<li><a href=\"https:\/\/poitouretroelec.fr\/wp-content\/uploads\/2025\/09\/Notice_Eloise.pdf\" data-type=\"URL\" data-id=\"https:\/\/poitouretroelec.fr\/wp-content\/uploads\/2022\/01\/Notice_allumage_PRE.pdf\">Notice de montage simple<\/a>: notice fournie avec les allumages Eloise<\/li>\n\n\n\n<li><a href=\"https:\/\/poitouretroelec.fr\/wp-content\/uploads\/2023\/09\/ReportagePhotoInstallationEloise.pdf\" target=\"_blank\" rel=\"noreferrer noopener\">Reportage Photo<\/a>: installation compl\u00e8te sur une Renault Dauphine<\/li>\n\n\n\n<li><a rel=\"noreferrer noopener\" href=\"https:\/\/poitouretroelec.fr\/wp-content\/uploads\/2023\/09\/Notice_Eloise_ReportagePhoto_2CV.pdf\" data-type=\"URL\" data-id=\"https:\/\/poitouretroelec.fr\/wp-content\/uploads\/2022\/01\/Notice_PRE_2_CV.pdf\" target=\"_blank\">Reportage photo 2CV<\/a>: les bobines sur les 2CV (et mod\u00e8les reprenant la m\u00eame  architecture moteur) \u00e9tant diff\u00e9rentes, nous avons \u00e9crit une notice  d\u00e9di\u00e9e avec reportage photo<\/li>\n\n\n\n<li><a href=\"https:\/\/poitouretroelec.fr\/wp-content\/uploads\/2023\/09\/Notice_Eloise_UK.pdf\" data-type=\"URL\" data-id=\"https:\/\/poitouretroelec.fr\/wp-content\/uploads\/2022\/01\/Notice_PRE_UK.pdf\">Notice UK<\/a>:  pour les v\u00e9hicules avec le + au ch\u00e2ssis<\/li>\n\n\n\n<li><a href=\"https:\/\/poitouretroelec.fr\/wp-content\/uploads\/2023\/09\/Notice_Eloise_Moto.pdf\" data-type=\"URL\" data-id=\"https:\/\/poitouretroelec.fr\/wp-content\/uploads\/2022\/01\/Notice_PRE_Moto.pdf\">Notice moto<\/a>: Cas des motos avec 2 bobines, m\u00eame principe pour 3 bobines.<\/li>\n<\/ul>\n\n\n\n<p><br><\/p>\n\n\n\n<figure class=\"wp-block-embed is-type-video is-provider-youtube wp-block-embed-youtube wp-embed-aspect-16-9 wp-has-aspect-ratio\"><div class=\"wp-block-embed__wrapper\">\n<iframe loading=\"lazy\" title=\"Installation Bo\u00eetier d&#039;allumage Eloise\" width=\"1140\" height=\"641\" src=\"https:\/\/www.youtube.com\/embed\/Imrtrygkx6o?feature=oembed\" frameborder=\"0\" allow=\"accelerometer; autoplay; clipboard-write; encrypted-media; gyroscope; picture-in-picture; web-share\" allowfullscreen><\/iframe>\n<\/div><\/figure>\n\n\n\n<p><br><\/p>\n\n\n\n<p><br><\/p>\n","protected":false},"excerpt":{"rendered":"<p>Afin de vous aider, nous vous proposons les notices \u00e0 t\u00e9l\u00e9charger en fonction de votre type de v\u00e9hicule:<\/p>\n","protected":false},"author":1,"featured_media":0,"parent":0,"menu_order":0,"comment_status":"closed","ping_status":"closed","template":"","meta":{"footnotes":""},"class_list":["post-115","page","type-page","status-publish","czr-hentry"],"jetpack_sharing_enabled":true,"_links":{"self":[{"href":"https:\/\/poitouretroelec.fr\/index.php\/wp-json\/wp\/v2\/pages\/115","targetHints":{"allow":["GET"]}}],"collection":[{"href":"https:\/\/poitouretroelec.fr\/index.php\/wp-json\/wp\/v2\/pages"}],"about":[{"href":"https:\/\/poitouretroelec.fr\/index.php\/wp-json\/wp\/v2\/types\/page"}],"author":[{"embeddable":true,"href":"https:\/\/poitouretroelec.fr\/index.php\/wp-json\/wp\/v2\/users\/1"}],"replies":[{"embeddable":true,"href":"https:\/\/poitouretroelec.fr\/index.php\/wp-json\/wp\/v2\/comments?post=115"}],"version-history":[{"count":37,"href":"https:\/\/poitouretroelec.fr\/index.php\/wp-json\/wp\/v2\/pages\/115\/revisions"}],"predecessor-version":[{"id":4554,"href":"https:\/\/poitouretroelec.fr\/index.php\/wp-json\/wp\/v2\/pages\/115\/revisions\/4554"}],"wp:attachment":[{"href":"https:\/\/poitouretroelec.fr\/index.php\/wp-json\/wp\/v2\/media?parent=115"}],"curies":[{"name":"wp","href":"https:\/\/api.w.org\/{rel}","templated":true}]}}